{"id":261,"date":"2026-01-18T11:21:35","date_gmt":"2026-01-18T10:21:35","guid":{"rendered":"https:\/\/szarczynski.pl\/?page_id=261"},"modified":"2026-01-19T17:56:20","modified_gmt":"2026-01-19T16:56:20","slug":"sklep","status":"publish","type":"page","link":"https:\/\/szarczynski.pl\/index.php\/sklep\/","title":{"rendered":"Sklep"},"content":{"rendered":"\t\t<div data-elementor-type=\"wp-page\" data-elementor-id=\"261\" class=\"elementor elementor-261\">\n\t\t\t\t<div class=\"elementor-element elementor-element-ff8c45a e-flex e-con-boxed e-con e-parent\" data-id=\"ff8c45a\" data-element_type=\"container\" data-e-type=\"container\">\n\t\t\t\t\t<div class=\"e-con-inner\">\n\t\t\t\t<div class=\"elementor-element elementor-element-0c13ac0 elementor-widget elementor-widget-image\" data-id=\"0c13ac0\" data-element_type=\"widget\" data-e-type=\"widget\" data-widget_type=\"image.default\">\n\t\t\t\t\t\t\t\t\t\t\t\t<figure class=\"wp-caption\">\n\t\t\t\t\t\t\t\t\t\t<img fetchpriority=\"high\" decoding=\"async\" width=\"300\" height=\"300\" src=\"https:\/\/szarczynski.pl\/wp-content\/uploads\/2026\/01\/Sklep-300x300.png\" class=\"attachment-medium size-medium wp-image-464\" alt=\"\" srcset=\"https:\/\/szarczynski.pl\/wp-content\/uploads\/2026\/01\/Sklep-300x300.png 300w, https:\/\/szarczynski.pl\/wp-content\/uploads\/2026\/01\/Sklep-150x150.png 150w, https:\/\/szarczynski.pl\/wp-content\/uploads\/2026\/01\/Sklep-768x768.png 768w, https:\/\/szarczynski.pl\/wp-content\/uploads\/2026\/01\/Sklep-600x600.png 600w, https:\/\/szarczynski.pl\/wp-content\/uploads\/2026\/01\/Sklep-100x100.png 100w, https:\/\/szarczynski.pl\/wp-content\/uploads\/2026\/01\/Sklep.png 1024w\" sizes=\"(max-width: 300px) 100vw, 300px\" \/>\t\t\t\t\t\t\t\t\t\t\t<figcaption class=\"widget-image-caption wp-caption-text\">To tutaj trafiaj\u0105 projekty, kt\u00f3re przesz\u0142y drog\u0119 od pomys\u0142u do gotowego produktu.<\/figcaption>\n\t\t\t\t\t\t\t\t\t\t<\/figure>\n\t\t\t\t\t\t\t\t\t<\/div>\n\t\t\t\t\t<\/div>\n\t\t\t\t<\/div>\n\t\t<div class=\"elementor-element elementor-element-ae9c60b e-flex e-con-boxed e-con e-parent\" data-id=\"ae9c60b\" data-element_type=\"container\" data-e-type=\"container\">\n\t\t\t\t\t<div class=\"e-con-inner\">\n\t\t\t\t<div class=\"elementor-element elementor-element-c333400 elementor-widget-divider--view-line elementor-widget elementor-widget-divider\" data-id=\"c333400\" data-element_type=\"widget\" data-e-type=\"widget\" data-widget_type=\"divider.default\">\n\t\t\t\t\t\t\t<div class=\"elementor-divider\">\n\t\t\t<span class=\"elementor-divider-separator\">\n\t\t\t\t\t\t<\/span>\n\t\t<\/div>\n\t\t\t\t\t\t<\/div>\n\t\t\t\t\t<\/div>\n\t\t\t\t<\/div>\n\t\t<div class=\"elementor-element elementor-element-74886cb e-flex e-con-boxed e-con e-parent\" data-id=\"74886cb\" data-element_type=\"container\" data-e-type=\"container\">\n\t\t\t\t\t<div class=\"e-con-inner\">\n\t\t<div class=\"elementor-element elementor-element-10f2216 e-con-full e-flex e-con e-child\" data-id=\"10f2216\" data-element_type=\"container\" data-e-type=\"container\">\n\t\t\t\t<div class=\"elementor-element elementor-element-132bb62 elementor-widget__width-inherit elementor-widget elementor-widget-image\" data-id=\"132bb62\" data-element_type=\"widget\" data-e-type=\"widget\" data-widget_type=\"image.default\">\n\t\t\t\t\t\t\t\t\t\t\t\t<figure class=\"wp-caption\">\n\t\t\t\t\t\t\t\t\t\t\t<a href=\"https:\/\/szarczynski.pl\/index.php\/kontakt\">\n\t\t\t\t\t\t\t<img decoding=\"async\" width=\"150\" height=\"150\" src=\"https:\/\/szarczynski.pl\/wp-content\/uploads\/2026\/01\/do-it-for-u-150x150.png\" class=\"attachment-thumbnail size-thumbnail wp-image-423\" alt=\"\" srcset=\"https:\/\/szarczynski.pl\/wp-content\/uploads\/2026\/01\/do-it-for-u-150x150.png 150w, https:\/\/szarczynski.pl\/wp-content\/uploads\/2026\/01\/do-it-for-u-300x300.png 300w, https:\/\/szarczynski.pl\/wp-content\/uploads\/2026\/01\/do-it-for-u-768x768.png 768w, https:\/\/szarczynski.pl\/wp-content\/uploads\/2026\/01\/do-it-for-u-600x600.png 600w, https:\/\/szarczynski.pl\/wp-content\/uploads\/2026\/01\/do-it-for-u-100x100.png 100w, https:\/\/szarczynski.pl\/wp-content\/uploads\/2026\/01\/do-it-for-u.png 1024w\" sizes=\"(max-width: 150px) 100vw, 150px\" \/>\t\t\t\t\t\t\t\t<\/a>\n\t\t\t\t\t\t\t\t\t\t\t<figcaption class=\"widget-image-caption wp-caption-text\">Do it 4 U<\/figcaption>\n\t\t\t\t\t\t\t\t\t\t<\/figure>\n\t\t\t\t\t\t\t\t\t<\/div>\n\t\t\t\t<\/div>\n\t\t<div class=\"elementor-element elementor-element-c5e8614 e-flex e-con-boxed e-con e-child\" data-id=\"c5e8614\" data-element_type=\"container\" data-e-type=\"container\">\n\t\t\t\t\t<div class=\"e-con-inner\">\n\t\t\t\t<div class=\"elementor-element elementor-element-92c804e elementor-widget__width-initial elementor-widget elementor-widget-heading\" data-id=\"92c804e\" data-element_type=\"widget\" data-e-type=\"widget\" data-widget_type=\"heading.default\">\n\t\t\t\t\t<h2 class=\"elementor-heading-title elementor-size-default\">Nie istnieje w sklepie? To zrobimy.\nPrototypowanie + projekt + druk 3D na zam\u00f3wienie.\nNietypowe cz\u0119\u015bci, dorabianie element\u00f3w, indywidualne rozwi\u0105zania.\nTy m\u00f3wisz, czego potrzebujesz - ja to wykonuj\u0119.<\/h2>\t\t\t\t<\/div>\n\t\t\t\t\t<\/div>\n\t\t\t\t<\/div>\n\t\t\t\t\t<\/div>\n\t\t\t\t<\/div>\n\t\t<div class=\"elementor-element elementor-element-4571229 e-flex e-con-boxed e-con e-parent\" data-id=\"4571229\" data-element_type=\"container\" data-e-type=\"container\">\n\t\t\t\t\t<div class=\"e-con-inner\">\n\t\t\t\t<div class=\"elementor-element elementor-element-1f50e84 elementor-widget-divider--view-line elementor-widget elementor-widget-divider\" data-id=\"1f50e84\" data-element_type=\"widget\" data-e-type=\"widget\" data-widget_type=\"divider.default\">\n\t\t\t\t\t\t\t<div class=\"elementor-divider\">\n\t\t\t<span class=\"elementor-divider-separator\">\n\t\t\t\t\t\t<\/span>\n\t\t<\/div>\n\t\t\t\t\t\t<\/div>\n\t\t\t\t\t<\/div>\n\t\t\t\t<\/div>\n\t\t<div class=\"elementor-element elementor-element-51ff68a e-flex e-con-boxed e-con e-parent\" data-id=\"51ff68a\" data-element_type=\"container\" data-e-type=\"container\">\n\t\t\t\t\t<div class=\"e-con-inner\">\n\t\t<div class=\"elementor-element elementor-element-55aa2c6 e-con-full e-flex e-con e-child\" data-id=\"55aa2c6\" data-element_type=\"container\" data-e-type=\"container\">\n\t\t\t\t<div class=\"elementor-element elementor-element-313a439 elementor-widget__width-initial elementor-widget-tablet__width-initial elementor-widget elementor-widget-image\" data-id=\"313a439\" data-element_type=\"widget\" data-e-type=\"widget\" data-widget_type=\"image.default\">\n\t\t\t\t\t\t\t\t\t\t\t\t<figure class=\"wp-caption\">\n\t\t\t\t\t\t\t\t\t\t\t<a href=\"https:\/\/allegro.pl\/uzytkownik\/szarczynski\" target=\"_blank\">\n\t\t\t\t\t\t\t<img decoding=\"async\" width=\"150\" height=\"150\" src=\"https:\/\/szarczynski.pl\/wp-content\/uploads\/2026\/01\/allegro-150x150.png\" class=\"attachment-thumbnail size-thumbnail wp-image-365\" alt=\"\" srcset=\"https:\/\/szarczynski.pl\/wp-content\/uploads\/2026\/01\/allegro-150x150.png 150w, https:\/\/szarczynski.pl\/wp-content\/uploads\/2026\/01\/allegro-100x100.png 100w\" sizes=\"(max-width: 150px) 100vw, 150px\" \/>\t\t\t\t\t\t\t\t<\/a>\n\t\t\t\t\t\t\t\t\t\t\t<figcaption class=\"widget-image-caption wp-caption-text\">allegro<\/figcaption>\n\t\t\t\t\t\t\t\t\t\t<\/figure>\n\t\t\t\t\t\t\t\t\t<\/div>\n\t\t\t\t<\/div>\n\t\t<div class=\"elementor-element elementor-element-3fb6b27 e-con-full e-flex e-con e-child\" data-id=\"3fb6b27\" data-element_type=\"container\" data-e-type=\"container\">\n\t\t\t\t<div class=\"elementor-element elementor-element-ec1aa97 elementor-widget__width-initial elementor-widget elementor-widget-heading\" data-id=\"ec1aa97\" data-element_type=\"widget\" data-e-type=\"widget\" data-widget_type=\"heading.default\">\n\t\t\t\t\t<h2 class=\"elementor-heading-title elementor-size-default\">Sprzeda\u017c gotowych produkt\u00f3w fizycznych<\/h2>\t\t\t\t<\/div>\n\t\t\t\t<\/div>\n\t\t\t\t\t<\/div>\n\t\t\t\t<\/div>\n\t\t<div class=\"elementor-element elementor-element-a4a34fb e-flex e-con-boxed e-con e-parent\" data-id=\"a4a34fb\" data-element_type=\"container\" data-e-type=\"container\">\n\t\t\t\t\t<div class=\"e-con-inner\">\n\t\t\t\t<div class=\"elementor-element elementor-element-7565ead elementor-widget__width-initial elementor-absolute elementor-widget-divider--view-line elementor-widget elementor-widget-divider\" data-id=\"7565ead\" data-element_type=\"widget\" data-e-type=\"widget\" data-settings=\"{&quot;_position&quot;:&quot;absolute&quot;}\" data-widget_type=\"divider.default\">\n\t\t\t\t\t\t\t<div class=\"elementor-divider\">\n\t\t\t<span class=\"elementor-divider-separator\">\n\t\t\t\t\t\t<\/span>\n\t\t<\/div>\n\t\t\t\t\t\t<\/div>\n\t\t\t\t\t<\/div>\n\t\t\t\t<\/div>\n\t\t<div class=\"elementor-element elementor-element-3eb8a6e e-flex e-con-boxed e-con e-parent\" data-id=\"3eb8a6e\" data-element_type=\"container\" data-e-type=\"container\">\n\t\t\t\t\t<div class=\"e-con-inner\">\n\t\t<div class=\"elementor-element elementor-element-3167f96 e-con-full e-flex e-con e-child\" data-id=\"3167f96\" data-element_type=\"container\" data-e-type=\"container\">\n\t\t\t\t<div class=\"elementor-element elementor-element-398b90c elementor-widget__width-initial elementor-widget elementor-widget-image\" data-id=\"398b90c\" data-element_type=\"widget\" data-e-type=\"widget\" data-widget_type=\"image.default\">\n\t\t\t\t\t\t\t\t\t\t\t\t<figure class=\"wp-caption\">\n\t\t\t\t\t\t\t\t\t\t\t<a href=\"https:\/\/cults3d.com\/en\/users\/szarczynski_3d\/3d-models\">\n\t\t\t\t\t\t\t<img loading=\"lazy\" decoding=\"async\" width=\"150\" height=\"150\" src=\"https:\/\/szarczynski.pl\/wp-content\/uploads\/2026\/01\/Cults3D-150x150.png\" class=\"attachment-thumbnail size-thumbnail wp-image-336\" alt=\"\" srcset=\"https:\/\/szarczynski.pl\/wp-content\/uploads\/2026\/01\/Cults3D-150x150.png 150w, https:\/\/szarczynski.pl\/wp-content\/uploads\/2026\/01\/Cults3D-100x100.png 100w, https:\/\/szarczynski.pl\/wp-content\/uploads\/2026\/01\/Cults3D.png 299w\" sizes=\"(max-width: 150px) 100vw, 150px\" \/>\t\t\t\t\t\t\t\t<\/a>\n\t\t\t\t\t\t\t\t\t\t\t<figcaption class=\"widget-image-caption wp-caption-text\">Cults3D<\/figcaption>\n\t\t\t\t\t\t\t\t\t\t<\/figure>\n\t\t\t\t\t\t\t\t\t<\/div>\n\t\t\t\t<\/div>\n\t\t<div class=\"elementor-element elementor-element-35c9cc7 e-con-full e-flex e-con e-child\" data-id=\"35c9cc7\" data-element_type=\"container\" data-e-type=\"container\">\n\t\t\t\t<div class=\"elementor-element elementor-element-0eb8138 elementor-widget__width-initial elementor-widget elementor-widget-heading\" data-id=\"0eb8138\" data-element_type=\"widget\" data-e-type=\"widget\" data-widget_type=\"heading.default\">\n\t\t\t\t\t<h2 class=\"elementor-heading-title elementor-size-default\">Modele 3D przeznaczone do prywatnego, domowego i niekomercyjnego wydruku.\nPliki dost\u0119pne w formacie STL, bez licencji na sprzeda\u017c wydruk\u00f3w.<\/h2>\t\t\t\t<\/div>\n\t\t\t\t<\/div>\n\t\t\t\t\t<\/div>\n\t\t\t\t<\/div>\n\t\t<div class=\"elementor-element elementor-element-99f20ad e-flex e-con-boxed e-con e-parent\" data-id=\"99f20ad\" data-element_type=\"container\" data-e-type=\"container\">\n\t\t\t\t\t<div class=\"e-con-inner\">\n\t\t\t\t<div class=\"elementor-element elementor-element-f0eb9d8 elementor-widget-divider--view-line elementor-widget elementor-widget-divider\" data-id=\"f0eb9d8\" data-element_type=\"widget\" data-e-type=\"widget\" data-widget_type=\"divider.default\">\n\t\t\t\t\t\t\t<div class=\"elementor-divider\">\n\t\t\t<span class=\"elementor-divider-separator\">\n\t\t\t\t\t\t<\/span>\n\t\t<\/div>\n\t\t\t\t\t\t<\/div>\n\t\t\t\t\t<\/div>\n\t\t\t\t<\/div>\n\t\t<div class=\"elementor-element elementor-element-237376c e-flex e-con-boxed e-con e-parent\" data-id=\"237376c\" data-element_type=\"container\" data-e-type=\"container\">\n\t\t\t\t\t<div class=\"e-con-inner\">\n\t\t<div class=\"elementor-element elementor-element-14f5c65 e-con-full e-flex e-con e-child\" data-id=\"14f5c65\" data-element_type=\"container\" data-e-type=\"container\">\n\t\t\t\t<div class=\"elementor-element elementor-element-d333d6f elementor-widget elementor-widget-image\" data-id=\"d333d6f\" data-element_type=\"widget\" data-e-type=\"widget\" data-widget_type=\"image.default\">\n\t\t\t\t\t\t\t\t\t\t\t\t<figure class=\"wp-caption\">\n\t\t\t\t\t\t\t\t\t\t\t<a href=\"https:\/\/www.patreon.com\/cw\/Szarczynski3D\" target=\"_blank\">\n\t\t\t\t\t\t\t<img loading=\"lazy\" decoding=\"async\" width=\"150\" height=\"150\" src=\"https:\/\/szarczynski.pl\/wp-content\/uploads\/2026\/01\/Patreon-150x150.png\" class=\"attachment-thumbnail size-thumbnail wp-image-284\" alt=\"\" srcset=\"https:\/\/szarczynski.pl\/wp-content\/uploads\/2026\/01\/Patreon-150x150.png 150w, https:\/\/szarczynski.pl\/wp-content\/uploads\/2026\/01\/Patreon-300x300.png 300w, https:\/\/szarczynski.pl\/wp-content\/uploads\/2026\/01\/Patreon-100x100.png 100w, https:\/\/szarczynski.pl\/wp-content\/uploads\/2026\/01\/Patreon.png 401w\" sizes=\"(max-width: 150px) 100vw, 150px\" \/>\t\t\t\t\t\t\t\t<\/a>\n\t\t\t\t\t\t\t\t\t\t\t<figcaption class=\"widget-image-caption wp-caption-text\">Patereon<\/figcaption>\n\t\t\t\t\t\t\t\t\t\t<\/figure>\n\t\t\t\t\t\t\t\t\t<\/div>\n\t\t\t\t<\/div>\n\t\t<div class=\"elementor-element elementor-element-0546886 e-con-full e-flex e-con e-child\" data-id=\"0546886\" data-element_type=\"container\" data-e-type=\"container\">\n\t\t\t\t<div class=\"elementor-element elementor-element-4abb005 e-transform elementor-widget__width-initial elementor-widget elementor-widget-heading\" data-id=\"4abb005\" data-element_type=\"widget\" data-e-type=\"widget\" data-settings=\"{&quot;_transform_scale_effect&quot;:{&quot;unit&quot;:&quot;px&quot;,&quot;size&quot;:1.1,&quot;sizes&quot;:[]},&quot;_transform_scale_effect_tablet&quot;:{&quot;unit&quot;:&quot;px&quot;,&quot;size&quot;:&quot;&quot;,&quot;sizes&quot;:[]},&quot;_transform_scale_effect_mobile&quot;:{&quot;unit&quot;:&quot;px&quot;,&quot;size&quot;:&quot;&quot;,&quot;sizes&quot;:[]}}\" data-widget_type=\"heading.default\">\n\t\t\t\t\t<h2 class=\"elementor-heading-title elementor-size-default\">Co znajdziesz tutaj, modele 3D i pliki STL, autorskie projekty gotowe do pobrania i wydruku.\n\nAutoryzacja sprzeda\u017cy:\n\nWszyscy patroni z aktywn\u0105 subskrypcj\u0105 na patreon.com\/Szarczynski3D\notrzymuj\u0105 zgod\u0119 na sprzeda\u017c dowolnych wydruk\u00f3w Szarczynski3D na wybranej przez siebie platformie.<\/h2>\t\t\t\t<\/div>\n\t\t\t\t<\/div>\n\t\t\t\t\t<\/div>\n\t\t\t\t<\/div>\n\t\t\t\t<\/div>\n\t\t","protected":false},"excerpt":{"rendered":"<p>To tutaj trafiaj\u0105 projekty, kt\u00f3re przesz\u0142y drog\u0119 od pomys\u0142u do gotowego produktu. Do it 4 U Nie istnieje w sklepie? [&hellip;]<\/p>\n","protected":false},"author":1,"featured_media":0,"parent":0,"menu_order":0,"comment_status":"closed","ping_status":"closed","template":"","meta":{"site-sidebar-layout":"no-sidebar","site-content-layout":"","ast-site-content-layout":"full-width-container","site-content-style":"default","site-sidebar-style":"default","ast-global-header-display":"","ast-banner-title-visibility":"","ast-main-header-display":"","ast-hfb-above-header-display":"","ast-hfb-below-header-display":"","ast-hfb-mobile-header-display":"","site-post-title":"disabled","ast-breadcrumbs-content":"","ast-featured-img":"disabled","footer-sml-layout":"","theme-transparent-header-meta":"","adv-header-id-meta":"","stick-header-meta":"","header-above-stick-meta":"","header-main-stick-meta":"","header-below-stick-meta":"","astra-migrate-meta-layouts":"default","ast-page-background-enabled":"default","ast-page-background-meta":{"desktop":{"background-color":"var(--ast-global-color-5)","background-image":"","background-repeat":"repeat","background-position":"center center","background-size":"auto","background-attachment":"scroll","background-type":"","background-media":"","overlay-type":"","overlay-color":"","overlay-opacity":"","overlay-gradient":""},"tablet":{"background-color":"","background-image":"","background-repeat":"repeat","background-position":"center center","background-size":"auto","background-attachment":"scroll","background-type":"","background-media":"","overlay-type":"","overlay-color":"","overlay-opacity":"","overlay-gradient":""},"mobile":{"background-color":"","background-image":"","background-repeat":"repeat","background-position":"center center","background-size":"auto","background-attachment":"scroll","background-type":"","background-media":"","overlay-type":"","overlay-color":"","overlay-opacity":"","overlay-gradient":""}},"ast-content-background-meta":{"desktop":{"background-color":"var(--ast-global-color-4)","background-image":"","background-repeat":"repeat","background-position":"center center","background-size":"auto","background-attachment":"scroll","background-type":"","background-media":"","overlay-type":"","overlay-color":"","overlay-opacity":"","overlay-gradient":""},"tablet":{"background-color":"var(--ast-global-color-4)","background-image":"","background-repeat":"repeat","background-position":"center center","background-size":"auto","background-attachment":"scroll","background-type":"","background-media":"","overlay-type":"","overlay-color":"","overlay-opacity":"","overlay-gradient":""},"mobile":{"background-color":"var(--ast-global-color-4)","background-image":"","background-repeat":"repeat","background-position":"center center","background-size":"auto","background-attachment":"scroll","background-type":"","background-media":"","overlay-type":"","overlay-color":"","overlay-opacity":"","overlay-gradient":""}},"footnotes":""},"class_list":["post-261","page","type-page","status-publish","hentry"],"jetpack_sharing_enabled":true,"_links":{"self":[{"href":"https:\/\/szarczynski.pl\/index.php\/wp-json\/wp\/v2\/pages\/261","targetHints":{"allow":["GET"]}}],"collection":[{"href":"https:\/\/szarczynski.pl\/index.php\/wp-json\/wp\/v2\/pages"}],"about":[{"href":"https:\/\/szarczynski.pl\/index.php\/wp-json\/wp\/v2\/types\/page"}],"author":[{"embeddable":true,"href":"https:\/\/szarczynski.pl\/index.php\/wp-json\/wp\/v2\/users\/1"}],"replies":[{"embeddable":true,"href":"https:\/\/szarczynski.pl\/index.php\/wp-json\/wp\/v2\/comments?post=261"}],"version-history":[{"count":171,"href":"https:\/\/szarczynski.pl\/index.php\/wp-json\/wp\/v2\/pages\/261\/revisions"}],"predecessor-version":[{"id":506,"href":"https:\/\/szarczynski.pl\/index.php\/wp-json\/wp\/v2\/pages\/261\/revisions\/506"}],"wp:attachment":[{"href":"https:\/\/szarczynski.pl\/index.php\/wp-json\/wp\/v2\/media?parent=261"}],"curies":[{"name":"wp","href":"https:\/\/api.w.org\/{rel}","templated":true}]}}